{"id":18,"date":"2025-03-02T09:30:23","date_gmt":"2025-03-02T09:30:23","guid":{"rendered":"https:\/\/vinarijavilotijevic.com\/?page_id=18"},"modified":"2026-02-02T14:20:18","modified_gmt":"2026-02-02T14:20:18","slug":"winery","status":"publish","type":"page","link":"https:\/\/vinarijavilotijevic.com\/en\/winery\/","title":{"rendered":"Winery"},"content":{"rendered":"<p class=\"has-text-align-center in\">On the slopes of Fru\u0161ka Gora, in the heart of Sremski Karlovci, lies our Vilotijevi\u0107 winery.<\/p><p class=\"has-text-align-center\">This is a place where the tradition of viticulture and a modern approach to winemaking blend and merge in perfect harmony.\nWe embarked on this journey driven by a deep love for the grapevine, and a desire to transform our family values \u2014 harmony and togetherness \u2014 into the art of winemaking, which we are certain we will preserve and pass on to the generations yet to come. <\/p><p class=\"has-text-align-center\">Mi smo Jovan i Sini\u0161a Vilotijevi\u0107. Sin i otac koji su ostvarili davna\u0161nju \u017eelju da gaje i to\u010de&nbsp;snove i uspomene. Da u na\u0161im vinima sa\u010duvamo uspomenu na one koji vi\u0161e nisu sa nama, a bili su ceo na\u0161 svet, i da u na\u0161im bocama porodi\u010dni duh zauvek \u017eivi. &nbsp;<\/p><p class=\"has-text-align-center\">Vino \u201cNena\u201d nosi ime na\u0161e majke, a \u201cTri sokola\u201d su tri brata &#8211; Jovan, Lazar i Vukan&nbsp;Vilotijevi\u0107, kao i tri sorte gro\u017e\u0111a &#8211; Petit Verdot, Merlot i Cabernet Franc. Na\u0161e porodi\u010dno stablo utkano je u svaki grozd, svaki \u010dokot, svaku berbu, a vredne ruke svih \u010dlanova na\u0161e porodice zaslu\u017ene su za sve \u0161to smo uradili, i za ono \u0161to tek planiramo.<\/p><p class=\"has-text-align-center\"> In our vineyards grow the varieties Merlot, Petit Verdot, Cabernet Franc, Chardonnay and S\u00e9millon.\nEach one is cultivated with special care, in harmony with the natural rhythm of the grapevine and the unique characteristics of the Fru\u0161ka Gora terroir.<\/p><p class=\"has-text-align-center\"> Numerous historical records bear witness to the fact that vines have grown on the slopes of Fru\u0161ka Gora since time immemorial.\nThe unique microclimate, along with the composition and mineral richness of the soil, allow the grapes to develop their full aromatic complexity and freshness.<\/p><p class=\"has-text-align-center\"> The philosophy of the Vilotijevi\u0107 winery rests on quality. We create wines that represent a harmony of nature's potential and human knowledge. <\/p><p class=\"has-text-align-center in\">Our land is fertile, the sun-bathed grapes grow and ripen, and our wines \u2014 have a soul.<\/p><div style=\"height:100px\" aria-hidden=\"true\" class=\"wp-block-spacer\"><\/div><figure class=\"wp-block-gallery has-nested-images columns-default is-cropped in wp-block-gallery-1 is-layout-flex wp-block-gallery-is-layout-flex\"><figure class=\"wp-block-image size-large\"><img fetchpriority=\"high\" decoding=\"async\" width=\"1920\" height=\"1073\" data-id=\"74\" src=\"https:\/\/vinarijavilotijevic.com\/wp-content\/uploads\/2025\/03\/5-1920x1073.jpg\" alt=\"\" class=\"wp-image-74\" srcset=\"https:\/\/vinarijavilotijevic.com\/wp-content\/uploads\/2025\/03\/5-1920x1073.jpg 1920w, https:\/\/vinarijavilotijevic.com\/wp-content\/uploads\/2025\/03\/5-300x168.jpg 300w, https:\/\/vinarijavilotijevic.com\/wp-content\/uploads\/2025\/03\/5-768x429.jpg 768w, https:\/\/vinarijavilotijevic.com\/wp-content\/uploads\/2025\/03\/5-1536x858.jpg 1536w, https:\/\/vinarijavilotijevic.com\/wp-content\/uploads\/2025\/03\/5-18x10.jpg 18w, https:\/\/vinarijavilotijevic.com\/wp-content\/uploads\/2025\/03\/5.jpg 1933w\" sizes=\"(max-width: 1920px) 100vw, 1920px\" \/><\/figure>\n\n<figure class=\"wp-block-image size-large\"><img decoding=\"async\" width=\"1920\" height=\"1080\" data-id=\"33\" src=\"https:\/\/vinarijavilotijevic.com\/wp-content\/uploads\/2025\/03\/4.jpg\" alt=\"\" class=\"wp-image-33\" srcset=\"https:\/\/vinarijavilotijevic.com\/wp-content\/uploads\/2025\/03\/4.jpg 1920w, https:\/\/vinarijavilotijevic.com\/wp-content\/uploads\/2025\/03\/4-300x169.jpg 300w, https:\/\/vinarijavilotijevic.com\/wp-content\/uploads\/2025\/03\/4-768x432.jpg 768w, https:\/\/vinarijavilotijevic.com\/wp-content\/uploads\/2025\/03\/4-1536x864.jpg 1536w, https:\/\/vinarijavilotijevic.com\/wp-content\/uploads\/2025\/03\/4-18x10.jpg 18w\" sizes=\"(max-width: 1920px) 100vw, 1920px\" \/><\/figure>\n\n<figure class=\"wp-block-image size-large\"><img decoding=\"async\" width=\"1920\" height=\"1069\" data-id=\"32\" src=\"https:\/\/vinarijavilotijevic.com\/wp-content\/uploads\/2025\/03\/3-1920x1069.jpg\" alt=\"\" class=\"wp-image-32\" srcset=\"https:\/\/vinarijavilotijevic.com\/wp-content\/uploads\/2025\/03\/3-1920x1069.jpg 1920w, https:\/\/vinarijavilotijevic.com\/wp-content\/uploads\/2025\/03\/3-300x167.jpg 300w, https:\/\/vinarijavilotijevic.com\/wp-content\/uploads\/2025\/03\/3-768x428.jpg 768w, https:\/\/vinarijavilotijevic.com\/wp-content\/uploads\/2025\/03\/3-1536x856.jpg 1536w, https:\/\/vinarijavilotijevic.com\/wp-content\/uploads\/2025\/03\/3-18x10.jpg 18w, https:\/\/vinarijavilotijevic.com\/wp-content\/uploads\/2025\/03\/3.jpg 1939w\" sizes=\"(max-width: 1920px) 100vw, 1920px\" \/><\/figure>\n\n<figure class=\"wp-block-image size-large\"><img loading=\"lazy\" decoding=\"async\" width=\"1920\" height=\"1073\" data-id=\"31\" src=\"https:\/\/vinarijavilotijevic.com\/wp-content\/uploads\/2025\/03\/2-1920x1073.jpg\" alt=\"\" class=\"wp-image-31\" srcset=\"https:\/\/vinarijavilotijevic.com\/wp-content\/uploads\/2025\/03\/2-1920x1073.jpg 1920w, https:\/\/vinarijavilotijevic.com\/wp-content\/uploads\/2025\/03\/2-300x168.jpg 300w, https:\/\/vinarijavilotijevic.com\/wp-content\/uploads\/2025\/03\/2-768x429.jpg 768w, https:\/\/vinarijavilotijevic.com\/wp-content\/uploads\/2025\/03\/2-1536x858.jpg 1536w, https:\/\/vinarijavilotijevic.com\/wp-content\/uploads\/2025\/03\/2-18x10.jpg 18w, https:\/\/vinarijavilotijevic.com\/wp-content\/uploads\/2025\/03\/2.jpg 1933w\" sizes=\"(max-width: 1920px) 100vw, 1920px\" \/><\/figure>\n\n<figure class=\"wp-block-image size-large\"><img loading=\"lazy\" decoding=\"async\" width=\"1920\" height=\"1072\" data-id=\"30\" src=\"https:\/\/vinarijavilotijevic.com\/wp-content\/uploads\/2025\/03\/1-1920x1072.jpg\" alt=\"\" class=\"wp-image-30\" srcset=\"https:\/\/vinarijavilotijevic.com\/wp-content\/uploads\/2025\/03\/1-1920x1072.jpg 1920w, https:\/\/vinarijavilotijevic.com\/wp-content\/uploads\/2025\/03\/1-300x167.jpg 300w, https:\/\/vinarijavilotijevic.com\/wp-content\/uploads\/2025\/03\/1-768x429.jpg 768w, https:\/\/vinarijavilotijevic.com\/wp-content\/uploads\/2025\/03\/1-1536x857.jpg 1536w, https:\/\/vinarijavilotijevic.com\/wp-content\/uploads\/2025\/03\/1-18x10.jpg 18w, https:\/\/vinarijavilotijevic.com\/wp-content\/uploads\/2025\/03\/1.jpg 1935w\" sizes=\"(max-width: 1920px) 100vw, 1920px\" \/><\/figure><\/figure><div style=\"height:100px\" aria-hidden=\"true\" class=\"wp-block-spacer\"><\/div><blockquote class=\"wp-block-quote in is-layout-flow wp-block-quote-is-layout-flow\"><p>Go, eat your food with gladness, and drink your wine with a joyful heart, for God has already approved what you do.<br>Ecclesiastes 9:7<\/p><\/blockquote><p><\/p>","protected":false},"excerpt":{"rendered":"<p>Na padinama Fru\u0161ke gore, u srcu Sremskih Karlovaca, nalazi se na\u0161a vinarija Vilotijevi\u0107. To je mesto gde se tradicija vinogradarstva i savremeni pristup proizvodnji vina me\u0161aju i stapaju u potpunom skladu. Na ovaj put smo se otisnuli zbog velike ljubavi prema vinovoj lozi, i \u017eelje da na\u0161e porodi\u010dne vrednosti, sklad i zajedni\u0161tvo preto\u010dimo u umetnost [&hellip;]<\/p>","protected":false},"author":1,"featured_media":74,"parent":0,"menu_order":0,"comment_status":"closed","ping_status":"closed","template":"fullsize.php","meta":{"footnotes":""},"class_list":["post-18","page","type-page","status-publish","has-post-thumbnail","hentry"],"aioseo_notices":[],"_links":{"self":[{"href":"https:\/\/vinarijavilotijevic.com\/en\/wp-json\/wp\/v2\/pages\/18","targetHints":{"allow":["GET"]}}],"collection":[{"href":"https:\/\/vinarijavilotijevic.com\/en\/wp-json\/wp\/v2\/pages"}],"about":[{"href":"https:\/\/vinarijavilotijevic.com\/en\/wp-json\/wp\/v2\/types\/page"}],"author":[{"embeddable":true,"href":"https:\/\/vinarijavilotijevic.com\/en\/wp-json\/wp\/v2\/users\/1"}],"replies":[{"embeddable":true,"href":"https:\/\/vinarijavilotijevic.com\/en\/wp-json\/wp\/v2\/comments?post=18"}],"version-history":[{"count":12,"href":"https:\/\/vinarijavilotijevic.com\/en\/wp-json\/wp\/v2\/pages\/18\/revisions"}],"predecessor-version":[{"id":202,"href":"https:\/\/vinarijavilotijevic.com\/en\/wp-json\/wp\/v2\/pages\/18\/revisions\/202"}],"wp:featuredmedia":[{"embeddable":true,"href":"https:\/\/vinarijavilotijevic.com\/en\/wp-json\/wp\/v2\/media\/74"}],"wp:attachment":[{"href":"https:\/\/vinarijavilotijevic.com\/en\/wp-json\/wp\/v2\/media?parent=18"}],"curies":[{"name":"wp","href":"https:\/\/api.w.org\/{rel}","templated":true}]}}