{"id":20,"date":"2025-03-02T09:30:39","date_gmt":"2025-03-02T09:30:39","guid":{"rendered":"https:\/\/vinarijavilotijevic.com\/?page_id=20"},"modified":"2026-02-13T13:10:15","modified_gmt":"2026-02-13T13:10:15","slug":"wines","status":"publish","type":"page","link":"https:\/\/vinarijavilotijevic.com\/en\/wines\/","title":{"rendered":"Our wines"},"content":{"rendered":"<div data-elementor-type=\"wp-page\" data-elementor-id=\"20\" class=\"elementor elementor-20\">\n\t\t\t\t<div class=\"elementor-element elementor-element-3f2f5607 e-flex e-con-boxed e-con e-parent\" data-id=\"3f2f5607\" data-element_type=\"container\" data-e-type=\"container\">\n\t\t\t\t\t<div class=\"e-con-inner\">\n\t\t<div class=\"elementor-element elementor-element-44f08d5 e-con-full e-grid e-con e-child\" data-id=\"44f08d5\" data-element_type=\"container\" data-e-type=\"container\">\n\t\t\t\t<div class=\"elementor-element elementor-element-08adc53 elementor-widget elementor-widget-image\" data-id=\"08adc53\" data-element_type=\"widget\" data-e-type=\"widget\" data-widget_type=\"image.default\">\n\t\t\t\t\t\t\t\t\t\t\t\t\t\t\t<img fetchpriority=\"high\" decoding=\"async\" width=\"810\" height=\"1080\" src=\"https:\/\/vinarijavilotijevic.com\/wp-content\/uploads\/2026\/02\/tri-sokola-slika-sajt-810x1080.jpeg\" class=\"attachment-large size-large wp-image-198\" alt=\"\" srcset=\"https:\/\/vinarijavilotijevic.com\/wp-content\/uploads\/2026\/02\/tri-sokola-slika-sajt-810x1080.jpeg 810w, https:\/\/vinarijavilotijevic.com\/wp-content\/uploads\/2026\/02\/tri-sokola-slika-sajt-768x1024.jpeg 768w, https:\/\/vinarijavilotijevic.com\/wp-content\/uploads\/2026\/02\/tri-sokola-slika-sajt-1152x1536.jpeg 1152w, https:\/\/vinarijavilotijevic.com\/wp-content\/uploads\/2026\/02\/tri-sokola-slika-sajt-9x12.jpeg 9w, https:\/\/vinarijavilotijevic.com\/wp-content\/uploads\/2026\/02\/tri-sokola-slika-sajt-300x400.jpeg 300w, https:\/\/vinarijavilotijevic.com\/wp-content\/uploads\/2026\/02\/tri-sokola-slika-sajt.jpeg 1200w\" sizes=\"(max-width: 810px) 100vw, 810px\" \/>\t\t\t\t\t\t\t\t\t\t\t\t\t\t\t<\/div>\n\t\t<div class=\"elementor-element elementor-element-48e4df9 e-con-full e-flex e-con e-child\" data-id=\"48e4df9\" data-element_type=\"container\" data-e-type=\"container\">\n\t\t\t\t<div class=\"elementor-element elementor-element-04a37d4 elementor-widget elementor-widget-heading\" data-id=\"04a37d4\" data-element_type=\"widget\" data-e-type=\"widget\" data-widget_type=\"heading.default\">\n\t\t\t\t\t<h2 class=\"elementor-heading-title elementor-size-default\">\nTri Sokola<\/h2>\t\t\t\t<\/div>\n\t\t\t\t<div class=\"elementor-element elementor-element-f0581da elementor-widget elementor-widget-text-editor\" data-id=\"f0581da\" data-element_type=\"widget\" data-e-type=\"widget\" data-widget_type=\"text-editor.default\">\n\t\t\t\t\t\t\t\t\t<p class=\"translation-block\">The ros\u00e9 wine has a light copper color along the rim of the glass.<br>On the nose, we enjoy aromas of ripe cherries, rose Turkish delight, and grilled strawberries.<br>On the palate, the aromatic expressions we detected on the nose are echoed, and as the wine was aged on its own lees for three months, an additional flavor of raspberry cake develops, leading us into a beautiful finish where the acidity and alcohol are in wonderful balance.<\/p>\n<p>Tri Sokola is a wine made from Merlot, Cabernet Franc and Petit Verdot varieties. Ideal for all seasons, as it boasts a wide range of flavors and aromas that can be fantastically paired with a variety of delicacies: seafood, white and red meat without strong or spicy seasonings, pastas, as well as a multitude of pastries \u2014 both savory and sweet.<\/p>\n<p>We guarantee that you will enjoy this wine even without pairing it with food \u2014 the right glass is all you need. Our recommendation is to drink Tri Sokola from a Chardonnay glass.<\/p>\n<p><img decoding=\"async\" width=\"32\" height=\"32\" class=\"alignnone  wp-image-264\" src=\"https:\/\/vinarijavilotijevic.com\/wp-content\/uploads\/2026\/02\/grape.png\" alt=\"\" srcset=\"https:\/\/vinarijavilotijevic.com\/wp-content\/uploads\/2026\/02\/grape.png 32w, https:\/\/vinarijavilotijevic.com\/wp-content\/uploads\/2026\/02\/grape-12x12.png 12w\" sizes=\"(max-width: 32px) 100vw, 32px\" \/> Vintage: 2024<\/p>\n<p><img decoding=\"async\" width=\"32\" height=\"32\" class=\"alignnone  wp-image-265\" src=\"https:\/\/vinarijavilotijevic.com\/wp-content\/uploads\/2026\/02\/wine-glass.png\" alt=\"\" data-wp-editing=\"1\" srcset=\"https:\/\/vinarijavilotijevic.com\/wp-content\/uploads\/2026\/02\/wine-glass.png 32w, https:\/\/vinarijavilotijevic.com\/wp-content\/uploads\/2026\/02\/wine-glass-12x12.png 12w\" sizes=\"(max-width: 32px) 100vw, 32px\" \/>Alcohol: 12%<\/p>\n<p><img loading=\"lazy\" decoding=\"async\" width=\"32\" height=\"32\" class=\"alignnone  wp-image-266\" src=\"https:\/\/vinarijavilotijevic.com\/wp-content\/uploads\/2026\/02\/thermometer.png\" alt=\"\" srcset=\"https:\/\/vinarijavilotijevic.com\/wp-content\/uploads\/2026\/02\/thermometer.png 32w, https:\/\/vinarijavilotijevic.com\/wp-content\/uploads\/2026\/02\/thermometer-12x12.png 12w\" sizes=\"(max-width: 32px) 100vw, 32px\" \/>Serving Temperature\u00a0<strong>12 \u00b0C<\/strong>.<\/p>\t\t\t\t\t\t\t\t<\/div>\n\t\t\t\t<div class=\"elementor-element elementor-element-f470fa3 elementor-widget elementor-widget-button\" data-id=\"f470fa3\" data-element_type=\"widget\" data-e-type=\"widget\" data-widget_type=\"button.default\">\n\t\t\t\t\t\t\t\t\t\t<a class=\"elementor-button elementor-button-link elementor-size-sm\" href=\"https:\/\/vinarijavilotijevic.com\/en\/product\/tri-sokola\/\">\n\t\t\t\t\t\t<span class=\"elementor-button-content-wrapper\">\n\t\t\t\t\t\t\t\t\t<span class=\"elementor-button-text\">Visit shop<\/span>\n\t\t\t\t\t<\/span>\n\t\t\t\t\t<\/a>\n\t\t\t\t\t\t\t\t<\/div>\n\t\t\t\t<\/div>\n\t\t\t\t<\/div>\n\t\t<div class=\"elementor-element elementor-element-af80a24 e-con-full e-grid e-con e-child\" data-id=\"af80a24\" data-element_type=\"container\" data-e-type=\"container\">\n\t\t<div class=\"elementor-element elementor-element-57e46bc e-con-full e-flex e-con e-child\" data-id=\"57e46bc\" data-element_type=\"container\" data-e-type=\"container\">\n\t\t\t\t<div class=\"elementor-element elementor-element-f8493b5 elementor-widget elementor-widget-heading\" data-id=\"f8493b5\" data-element_type=\"widget\" data-e-type=\"widget\" data-widget_type=\"heading.default\">\n\t\t\t\t\t<h2 class=\"elementor-heading-title elementor-size-default\">Nena<\/h2>\t\t\t\t<\/div>\n\t\t\t\t<div class=\"elementor-element elementor-element-82b3143 elementor-widget elementor-widget-text-editor\" data-id=\"82b3143\" data-element_type=\"widget\" data-e-type=\"widget\" data-widget_type=\"text-editor.default\">\n\t\t\t\t\t\t\t\t\t<p>The wine is lemon-yellow in color, with a light golden shimmer along the rim of the glass.<\/p>\n<p>On the nose, primary fruit notes of pineapple, green apple and vineyard peach stand out, accompanied by floral-citrus tones of white rose and lemongrass, along with a subtle herbal hint of mint and immortelle.<\/p>\n<p>On the palate, juicy aromas of apple and tropical fruit dominate, while the aftertaste brings a subtle bitterness of grapefruit, refreshing the palate in a long and harmonious persistence.<\/p>\n<p>Nena is a varietal wine made from Chardonnay grapes. It was aged on its own lees in stainless steel tanks, where its freshness and fruitiness were preserved, the primary varietal aromas were enhanced, and its clean, vibrant character remained untouched by any influence of wood.<\/p>\n<p>With its structure and freshness, Nena pairs naturally with a variety of cheeses and more complex dishes such as moussaka, while at the same time remaining sufficiently easy-drinking and balanced to enjoy on its own, without any food accompaniment.<\/p>\n<p><img decoding=\"async\" width=\"32\" height=\"32\" class=\"alignnone  wp-image-264\" src=\"https:\/\/vinarijavilotijevic.com\/wp-content\/uploads\/2026\/02\/grape.png\" alt=\"\" srcset=\"https:\/\/vinarijavilotijevic.com\/wp-content\/uploads\/2026\/02\/grape.png 32w, https:\/\/vinarijavilotijevic.com\/wp-content\/uploads\/2026\/02\/grape-12x12.png 12w\" sizes=\"(max-width: 32px) 100vw, 32px\" \/> Vintage: 2024<\/p>\n<p><img loading=\"lazy\" decoding=\"async\" width=\"32\" height=\"32\" class=\"alignnone  wp-image-265\" src=\"https:\/\/vinarijavilotijevic.com\/wp-content\/uploads\/2026\/02\/wine-glass.png\" alt=\"\" srcset=\"https:\/\/vinarijavilotijevic.com\/wp-content\/uploads\/2026\/02\/wine-glass.png 32w, https:\/\/vinarijavilotijevic.com\/wp-content\/uploads\/2026\/02\/wine-glass-12x12.png 12w\" sizes=\"(max-width: 32px) 100vw, 32px\" \/>Alcohol: 13%<\/p>\n<p><img loading=\"lazy\" decoding=\"async\" width=\"32\" height=\"32\" class=\"alignnone  wp-image-266\" src=\"https:\/\/vinarijavilotijevic.com\/wp-content\/uploads\/2026\/02\/thermometer.png\" alt=\"\" srcset=\"https:\/\/vinarijavilotijevic.com\/wp-content\/uploads\/2026\/02\/thermometer.png 32w, https:\/\/vinarijavilotijevic.com\/wp-content\/uploads\/2026\/02\/thermometer-12x12.png 12w\" sizes=\"(max-width: 32px) 100vw, 32px\" \/>Serving Temperature\u00a0<strong>12 \u00b0C<\/strong>.<\/p>\t\t\t\t\t\t\t\t<\/div>\n\t\t\t\t<div class=\"elementor-element elementor-element-96685de elementor-widget elementor-widget-button\" data-id=\"96685de\" data-element_type=\"widget\" data-e-type=\"widget\" data-widget_type=\"button.default\">\n\t\t\t\t\t\t\t\t\t\t<a class=\"elementor-button elementor-button-link elementor-size-sm\" href=\"https:\/\/vinarijavilotijevic.com\/en\/product\/nena\/\">\n\t\t\t\t\t\t<span class=\"elementor-button-content-wrapper\">\n\t\t\t\t\t\t\t\t\t<span class=\"elementor-button-text\">Visit shop<\/span>\n\t\t\t\t\t<\/span>\n\t\t\t\t\t<\/a>\n\t\t\t\t\t\t\t\t<\/div>\n\t\t\t\t<\/div>\n\t\t\t\t<div class=\"elementor-element elementor-element-f5cb7ca elementor-widget elementor-widget-image\" data-id=\"f5cb7ca\" data-element_type=\"widget\" data-e-type=\"widget\" data-widget_type=\"image.default\">\n\t\t\t\t\t\t\t\t\t\t\t\t\t\t\t<img loading=\"lazy\" decoding=\"async\" width=\"810\" height=\"1080\" src=\"https:\/\/vinarijavilotijevic.com\/wp-content\/uploads\/2026\/02\/nena-slika-sajt-810x1080.jpeg\" class=\"attachment-large size-large wp-image-199\" alt=\"\" srcset=\"https:\/\/vinarijavilotijevic.com\/wp-content\/uploads\/2026\/02\/nena-slika-sajt-810x1080.jpeg 810w, https:\/\/vinarijavilotijevic.com\/wp-content\/uploads\/2026\/02\/nena-slika-sajt-768x1024.jpeg 768w, https:\/\/vinarijavilotijevic.com\/wp-content\/uploads\/2026\/02\/nena-slika-sajt-1152x1536.jpeg 1152w, https:\/\/vinarijavilotijevic.com\/wp-content\/uploads\/2026\/02\/nena-slika-sajt-9x12.jpeg 9w, https:\/\/vinarijavilotijevic.com\/wp-content\/uploads\/2026\/02\/nena-slika-sajt-300x400.jpeg 300w, https:\/\/vinarijavilotijevic.com\/wp-content\/uploads\/2026\/02\/nena-slika-sajt.jpeg 1200w\" sizes=\"(max-width: 810px) 100vw, 810px\" \/>\t\t\t\t\t\t\t\t\t\t\t\t\t\t\t<\/div>\n\t\t\t\t<\/div>\n\t\t\t\t\t<\/div>\n\t\t\t\t<\/div>\n\t\t\t\t<\/div>","protected":false},"excerpt":{"rendered":"<p>Tri Sokola Roze vino po obodu \u010da\u0161e ima svetlu bakarnu boju.Na mirisu u\u017eivamo u aromama zrele tre\u0161nje, ratluka od ru\u017ee, kao i grilovanih jagoda.Na nepcu se ponavljaju ekspresije aroma koje smo osetili na mirisu, a kako je vino odle\u017eavalo na sopstvenim kvascima tri meseca, razvija se i dodatni ukus kola\u010da sa malinama, koji nas vodi [&hellip;]<\/p>","protected":false},"author":1,"featured_media":0,"parent":0,"menu_order":0,"comment_status":"closed","ping_status":"closed","template":"vinarija.php","meta":{"footnotes":""},"class_list":["post-20","page","type-page","status-publish","hentry"],"aioseo_notices":[],"_links":{"self":[{"href":"https:\/\/vinarijavilotijevic.com\/en\/wp-json\/wp\/v2\/pages\/20","targetHints":{"allow":["GET"]}}],"collection":[{"href":"https:\/\/vinarijavilotijevic.com\/en\/wp-json\/wp\/v2\/pages"}],"about":[{"href":"https:\/\/vinarijavilotijevic.com\/en\/wp-json\/wp\/v2\/types\/page"}],"author":[{"embeddable":true,"href":"https:\/\/vinarijavilotijevic.com\/en\/wp-json\/wp\/v2\/users\/1"}],"replies":[{"embeddable":true,"href":"https:\/\/vinarijavilotijevic.com\/en\/wp-json\/wp\/v2\/comments?post=20"}],"version-history":[{"count":30,"href":"https:\/\/vinarijavilotijevic.com\/en\/wp-json\/wp\/v2\/pages\/20\/revisions"}],"predecessor-version":[{"id":281,"href":"https:\/\/vinarijavilotijevic.com\/en\/wp-json\/wp\/v2\/pages\/20\/revisions\/281"}],"wp:attachment":[{"href":"https:\/\/vinarijavilotijevic.com\/en\/wp-json\/wp\/v2\/media?parent=20"}],"curies":[{"name":"wp","href":"https:\/\/api.w.org\/{rel}","templated":true}]}}