{"id":87,"date":"2025-03-11T16:23:13","date_gmt":"2025-03-11T16:23:13","guid":{"rendered":"https:\/\/vinarijavilotijevic.com\/?post_type=product&#038;p=87"},"modified":"2026-02-02T16:10:07","modified_gmt":"2026-02-02T16:10:07","slug":"nena","status":"publish","type":"product","link":"https:\/\/vinarijavilotijevic.com\/en\/product\/nena\/","title":{"rendered":"Nena"},"content":{"rendered":"","protected":false},"excerpt":{"rendered":"<p style=\"text-align: left;\">Nena je belo suvo vino od 100% Chardonnay gro\u017e\u0111a, odle\u017eavalo na svojim kvascima, \u010duvena sur lie metoda.<\/p>\n<p style=\"text-align: left;\">Boja: Limun- \u017euta sa svetlozlatnim odsjajem<br \/>\nMiris: Vo\u0107ne note, ananasa, zelene jabuke, vinogradarske breskve, cvetno-citrusne arome bele ru\u017ee i limunske trave.<br \/>\nUkus: Tropsko vo\u0107e, zrela jabuka, a u zavr\u0161nici imamo prijatnu gor\u010dinu grejpfruta.<\/p>\n<p>Vintage: 2024<\/p>\n<p>Alkohol: 13%<\/p>\n<p>&nbsp;<\/p>","protected":false},"featured_media":199,"comment_status":"open","ping_status":"closed","template":"","meta":[],"product_brand":[],"product_cat":[17],"product_tag":[],"class_list":{"0":"post-87","1":"product","2":"type-product","3":"status-publish","4":"has-post-thumbnail","6":"product_cat-bela-vina","8":"first","9":"instock","10":"shipping-taxable","11":"purchasable","12":"product-type-simple"},"aioseo_notices":[],"_links":{"self":[{"href":"https:\/\/vinarijavilotijevic.com\/en\/wp-json\/wp\/v2\/product\/87","targetHints":{"allow":["GET"]}}],"collection":[{"href":"https:\/\/vinarijavilotijevic.com\/en\/wp-json\/wp\/v2\/product"}],"about":[{"href":"https:\/\/vinarijavilotijevic.com\/en\/wp-json\/wp\/v2\/types\/product"}],"replies":[{"embeddable":true,"href":"https:\/\/vinarijavilotijevic.com\/en\/wp-json\/wp\/v2\/comments?post=87"}],"wp:featuredmedia":[{"embeddable":true,"href":"https:\/\/vinarijavilotijevic.com\/en\/wp-json\/wp\/v2\/media\/199"}],"wp:attachment":[{"href":"https:\/\/vinarijavilotijevic.com\/en\/wp-json\/wp\/v2\/media?parent=87"}],"wp:term":[{"taxonomy":"product_brand","embeddable":true,"href":"https:\/\/vinarijavilotijevic.com\/en\/wp-json\/wp\/v2\/product_brand?post=87"},{"taxonomy":"product_cat","embeddable":true,"href":"https:\/\/vinarijavilotijevic.com\/en\/wp-json\/wp\/v2\/product_cat?post=87"},{"taxonomy":"product_tag","embeddable":true,"href":"https:\/\/vinarijavilotijevic.com\/en\/wp-json\/wp\/v2\/product_tag?post=87"}],"curies":[{"name":"wp","href":"https:\/\/api.w.org\/{rel}","templated":true}]}}