{"id":88,"date":"2025-03-11T16:23:56","date_gmt":"2025-03-11T16:23:56","guid":{"rendered":"https:\/\/vinarijavilotijevic.com\/?post_type=product&#038;p=88"},"modified":"2026-02-02T16:31:12","modified_gmt":"2026-02-02T16:31:12","slug":"tri-sokola","status":"publish","type":"product","link":"https:\/\/vinarijavilotijevic.com\/en\/product\/tri-sokola\/","title":{"rendered":"Tri Sokola"},"content":{"rendered":"","protected":false},"excerpt":{"rendered":"<p>Tri Sokola je rose vino dobijeno kupa\u017eom sorti Merlot, Cabernet Franc i Petit Verdot. Ovo je jedno elegantno vino, a ujedno i gastronomsko.<\/p>\n<p>Boja: Roye boje, po obodu \u010da\u0161e ima svetlo bakarnu boju<br \/>\nMiris: Crvenih ribizli, jagoda i ratluka od ru\u017ee.<br \/>\nUkus: Crveno bobi\u010dasto vo\u0107e, kola\u010d sa jagodama.<\/p>\n<p>Vineyard size: 2.9 ha<br \/>\nAnnual production: 2,500 bottles<\/p>\n<p>&nbsp;<\/p>\n<p>&nbsp;<\/p>","protected":false},"featured_media":198,"comment_status":"open","ping_status":"closed","template":"","meta":[],"product_brand":[],"product_cat":[18],"product_tag":[],"class_list":{"0":"post-88","1":"product","2":"type-product","3":"status-publish","4":"has-post-thumbnail","6":"product_cat-rose","8":"first","9":"instock","10":"shipping-taxable","11":"purchasable","12":"product-type-simple"},"aioseo_notices":[],"_links":{"self":[{"href":"https:\/\/vinarijavilotijevic.com\/en\/wp-json\/wp\/v2\/product\/88","targetHints":{"allow":["GET"]}}],"collection":[{"href":"https:\/\/vinarijavilotijevic.com\/en\/wp-json\/wp\/v2\/product"}],"about":[{"href":"https:\/\/vinarijavilotijevic.com\/en\/wp-json\/wp\/v2\/types\/product"}],"replies":[{"embeddable":true,"href":"https:\/\/vinarijavilotijevic.com\/en\/wp-json\/wp\/v2\/comments?post=88"}],"wp:featuredmedia":[{"embeddable":true,"href":"https:\/\/vinarijavilotijevic.com\/en\/wp-json\/wp\/v2\/media\/198"}],"wp:attachment":[{"href":"https:\/\/vinarijavilotijevic.com\/en\/wp-json\/wp\/v2\/media?parent=88"}],"wp:term":[{"taxonomy":"product_brand","embeddable":true,"href":"https:\/\/vinarijavilotijevic.com\/en\/wp-json\/wp\/v2\/product_brand?post=88"},{"taxonomy":"product_cat","embeddable":true,"href":"https:\/\/vinarijavilotijevic.com\/en\/wp-json\/wp\/v2\/product_cat?post=88"},{"taxonomy":"product_tag","embeddable":true,"href":"https:\/\/vinarijavilotijevic.com\/en\/wp-json\/wp\/v2\/product_tag?post=88"}],"curies":[{"name":"wp","href":"https:\/\/api.w.org\/{rel}","templated":true}]}}